{"id":211,"date":"2024-04-19T07:04:56","date_gmt":"2024-04-19T07:04:56","guid":{"rendered":"https:\/\/luxride.themepanthers.com\/lux\/?page_id=211"},"modified":"2025-05-13T14:08:24","modified_gmt":"2025-05-13T14:08:24","slug":"dienstleistungen","status":"publish","type":"page","link":"https:\/\/123go-berlin.de\/en\/dienstleistungen\/","title":{"rendered":"Services"},"content":{"rendered":"<div data-elementor-type=\"wp-page\" data-elementor-id=\"211\" class=\"elementor elementor-211\">\n\t\t\t\t<div class=\"elementor-element elementor-element-f789833 e-flex e-con-boxed e-con e-parent\" data-id=\"f789833\" data-element_type=\"container\" data-e-type=\"container\">\n\t\t\t\t\t<div class=\"e-con-inner\">\n\t\t\t\t<div class=\"elementor-element elementor-element-44b845b elementor-widget elementor-widget-luxride-service-grid-v1\" data-id=\"44b845b\" data-element_type=\"widget\" data-e-type=\"widget\" data-widget_type=\"luxride-service-grid-v1.default\">\n\t\t\t\t<div class=\"elementor-widget-container\">\n\t\t\t\t\t \n    <div class=\"grid_view\">\n        <div class=\"row\">\n                                                     \n                        <article class=\"col-xl-3 col-lg-4 col-md-6 col-sm-6\"> \n                        <div class=\"cardService mb_30 one\">\n                                    <div class=\"cardImage img_obj_fit_center\"> \n                                        <img fetchpriority=\"high\" decoding=\"async\" width=\"570\" height=\"570\" src=\"https:\/\/123go-berlin.de\/wp-content\/uploads\/2024\/04\/DSC086128-2.jpg.png\" class=\"trans wp-post-image\" alt=\"\" srcset=\"https:\/\/123go-berlin.de\/wp-content\/uploads\/2024\/04\/DSC086128-2.jpg.png 600w, https:\/\/123go-berlin.de\/wp-content\/uploads\/2024\/04\/DSC086128-2.jpg-300x300.png 300w, https:\/\/123go-berlin.de\/wp-content\/uploads\/2024\/04\/DSC086128-2.jpg-150x150.png 150w, https:\/\/123go-berlin.de\/wp-content\/uploads\/2024\/04\/DSC086128-2.jpg-12x12.png 12w\" sizes=\"(max-width: 570px) 100vw, 570px\" \/> \n                                                       \n         \n                                    <\/div>\n                                    <div class=\"cardInfo\">\n                                                                                                                                                    <a href=\"https:\/\/123go-berlin.de\/en\/service\/krankenfahrten\/\" rel=\"bookmark\" class=\"font-20 trim-2 mb_10 color-white\">Patient Transport<\/a>\n                                    <div class=\"box-inner-info\">\n                                                                                    <p class=\"text-14 color-white mb_30\">Reliable and gentle patient transport.<\/p>\n                                                                                                                        <a class=\"btn-arrow-up\" href=\"https:\/\/123go-berlin.de\/en\/service\/krankenfahrten\/\">\n                                            <svg class=\"icon-16\" fill=\"none\" stroke=\"currentColor\" stroke-width=\"1.5\" viewbox=\"0 0 24 24\" xmlns=\"http:\/\/www.w3.org\/2000\/svg\" aria-hidden=\"true\">\n                                            <path stroke-linecap=\"round\" stroke-linejoin=\"round\" d=\"M4.5 19.5l15-15m0 0H8.25m11.25 0v11.25\"><\/path>\n                                            <\/svg>\n                                        <\/a>\n                                        <\/div>\n                                    <\/div> \n                                <\/div>\n                        <\/article> \n                                                                                         \n                        <article class=\"col-xl-3 col-lg-4 col-md-6 col-sm-6\"> \n                        <div class=\"cardService mb_30 one\">\n                                    <div class=\"cardImage img_obj_fit_center\"> \n                                        <img decoding=\"async\" width=\"533\" height=\"570\" data-src=\"https:\/\/123go-berlin.de\/wp-content\/uploads\/2024\/04\/DSC08688-3.jpg\" class=\"trans wp-post-image lazyload\" alt=\"\" data-srcset=\"https:\/\/123go-berlin.de\/wp-content\/uploads\/2024\/04\/DSC08688-3.jpg 2100w, https:\/\/123go-berlin.de\/wp-content\/uploads\/2024\/04\/DSC08688-3-281x300.jpg 281w, https:\/\/123go-berlin.de\/wp-content\/uploads\/2024\/04\/DSC08688-3-958x1024.jpg 958w, https:\/\/123go-berlin.de\/wp-content\/uploads\/2024\/04\/DSC08688-3-768x821.jpg 768w, https:\/\/123go-berlin.de\/wp-content\/uploads\/2024\/04\/DSC08688-3-1437x1536.jpg 1437w, https:\/\/123go-berlin.de\/wp-content\/uploads\/2024\/04\/DSC08688-3-1916x2048.jpg 1916w, https:\/\/123go-berlin.de\/wp-content\/uploads\/2024\/04\/DSC08688-3-11x12.jpg 11w\" data-sizes=\"(max-width: 533px) 100vw, 533px\" src=\"data:image\/svg+xml;base64,PHN2ZyB3aWR0aD0iMSIgaGVpZ2h0PSIxIiB4bWxucz0iaHR0cDovL3d3dy53My5vcmcvMjAwMC9zdmciPjwvc3ZnPg==\" style=\"--smush-placeholder-width: 533px; --smush-placeholder-aspect-ratio: 533\/570;\" \/> \n                                                       \n         \n                                    <\/div>\n                                    <div class=\"cardInfo\">\n                                                                                                                                                    <a href=\"https:\/\/123go-berlin.de\/en\/service\/taxifahrten\/\" rel=\"bookmark\" class=\"font-20 trim-2 mb_10 color-white\">Taxi Rides<\/a>\n                                    <div class=\"box-inner-info\">\n                                                                                    <p class=\"text-14 color-white mb_30\">Your flexible companion for every journey, on the road for you around the clock.<\/p>\n                                                                                                                        <a class=\"btn-arrow-up\" href=\"https:\/\/123go-berlin.de\/en\/service\/taxifahrten\/\">\n                                            <svg class=\"icon-16\" fill=\"none\" stroke=\"currentColor\" stroke-width=\"1.5\" viewbox=\"0 0 24 24\" xmlns=\"http:\/\/www.w3.org\/2000\/svg\" aria-hidden=\"true\">\n                                            <path stroke-linecap=\"round\" stroke-linejoin=\"round\" d=\"M4.5 19.5l15-15m0 0H8.25m11.25 0v11.25\"><\/path>\n                                            <\/svg>\n                                        <\/a>\n                                        <\/div>\n                                    <\/div> \n                                <\/div>\n                        <\/article> \n                                                                                         \n                        <article class=\"col-xl-3 col-lg-4 col-md-6 col-sm-6\"> \n                        <div class=\"cardService mb_30 one\">\n                                    <div class=\"cardImage img_obj_fit_center\"> \n                                        <img decoding=\"async\" width=\"370\" height=\"400\" data-src=\"https:\/\/123go-berlin.de\/wp-content\/uploads\/2024\/04\/service3.jpg\" class=\"trans wp-post-image lazyload\" alt=\"\" data-srcset=\"https:\/\/123go-berlin.de\/wp-content\/uploads\/2024\/04\/service3.jpg 370w, https:\/\/123go-berlin.de\/wp-content\/uploads\/2024\/04\/service3-278x300.jpg 278w\" data-sizes=\"(max-width: 370px) 100vw, 370px\" src=\"data:image\/svg+xml;base64,PHN2ZyB3aWR0aD0iMSIgaGVpZ2h0PSIxIiB4bWxucz0iaHR0cDovL3d3dy53My5vcmcvMjAwMC9zdmciPjwvc3ZnPg==\" style=\"--smush-placeholder-width: 370px; --smush-placeholder-aspect-ratio: 370\/400;\" \/> \n                                                       \n         \n                                    <\/div>\n                                    <div class=\"cardInfo\">\n                                                                                                                                                    <a href=\"https:\/\/123go-berlin.de\/en\/service\/flughafentransfer\/\" rel=\"bookmark\" class=\"font-20 trim-2 mb_10 color-white\">Airport Transfers<\/a>\n                                    <div class=\"box-inner-info\">\n                                                                                    <p class=\"text-14 color-white mb_30\">A stress free departure \u2013 and a relaxed return home.<\/p>\n                                                                                                                        <a class=\"btn-arrow-up\" href=\"https:\/\/123go-berlin.de\/en\/service\/flughafentransfer\/\">\n                                            <svg class=\"icon-16\" fill=\"none\" stroke=\"currentColor\" stroke-width=\"1.5\" viewbox=\"0 0 24 24\" xmlns=\"http:\/\/www.w3.org\/2000\/svg\" aria-hidden=\"true\">\n                                            <path stroke-linecap=\"round\" stroke-linejoin=\"round\" d=\"M4.5 19.5l15-15m0 0H8.25m11.25 0v11.25\"><\/path>\n                                            <\/svg>\n                                        <\/a>\n                                        <\/div>\n                                    <\/div> \n                                <\/div>\n                        <\/article> \n                                                                                         \n                        <article class=\"col-xl-3 col-lg-4 col-md-6 col-sm-6\"> \n                        <div class=\"cardService mb_30 one\">\n                                    <div class=\"cardImage img_obj_fit_center\"> \n                                        <img decoding=\"async\" width=\"370\" height=\"400\" data-src=\"https:\/\/123go-berlin.de\/wp-content\/uploads\/2024\/04\/service1.jpg\" class=\"trans wp-post-image lazyload\" alt=\"\" data-srcset=\"https:\/\/123go-berlin.de\/wp-content\/uploads\/2024\/04\/service1.jpg 370w, https:\/\/123go-berlin.de\/wp-content\/uploads\/2024\/04\/service1-278x300.jpg 278w\" data-sizes=\"(max-width: 370px) 100vw, 370px\" src=\"data:image\/svg+xml;base64,PHN2ZyB3aWR0aD0iMSIgaGVpZ2h0PSIxIiB4bWxucz0iaHR0cDovL3d3dy53My5vcmcvMjAwMC9zdmciPjwvc3ZnPg==\" style=\"--smush-placeholder-width: 370px; --smush-placeholder-aspect-ratio: 370\/400;\" \/> \n                                                       \n         \n                                    <\/div>\n                                    <div class=\"cardInfo\">\n                                                                                                                                                    <a href=\"https:\/\/123go-berlin.de\/en\/service\/stadtetransfer\/\" rel=\"bookmark\" class=\"font-20 trim-2 mb_10 color-white\">Intercity Transfers<\/a>\n                                    <div class=\"box-inner-info\">\n                                                                                    <p class=\"text-14 color-white mb_30\">Long distance journeys \u2013 your reliable transfer from city to city<\/p>\n                                                                                                                        <a class=\"btn-arrow-up\" href=\"https:\/\/123go-berlin.de\/en\/service\/stadtetransfer\/\">\n                                            <svg class=\"icon-16\" fill=\"none\" stroke=\"currentColor\" stroke-width=\"1.5\" viewbox=\"0 0 24 24\" xmlns=\"http:\/\/www.w3.org\/2000\/svg\" aria-hidden=\"true\">\n                                            <path stroke-linecap=\"round\" stroke-linejoin=\"round\" d=\"M4.5 19.5l15-15m0 0H8.25m11.25 0v11.25\"><\/path>\n                                            <\/svg>\n                                        <\/a>\n                                        <\/div>\n                                    <\/div> \n                                <\/div>\n                        <\/article> \n                                                                                          \n                 \n    <\/div>\n            <div class=\"row\">\n            <div class=\"col-lg-12\">\n                <div class=\"pagination_service pagination-area\"> \n                              \n                <\/div>\n            <\/div>     \n        <\/div> \n      \n    <\/div>\n\t\t\t\t<\/div>\n\t\t\t\t<\/div>\n\t\t\t\t\t<\/div>\n\t\t\t\t<\/div>\n\t\t\t\t<\/div>","protected":false},"excerpt":{"rendered":"<p>Patientenbef\u00f6rderung Verl\u00e4ssliche und schonende Patientenbef\u00f6rderung. Taxifahrten Ihr flexibler Begleiter f\u00fcr jede Fahrt, rund um die Uhr f\u00fcr Sie unterwegs. Flughafentransfer Stressfrei zum Abflug \u2013 und entspannt wieder heim. St\u00e4dtetransfer Fernfahrten \u2013 Ihr zuverl\u00e4ssiger Transfer von Stadt zu Stadt.<\/p>","protected":false},"author":1,"featured_media":0,"parent":0,"menu_order":0,"comment_status":"closed","ping_status":"closed","template":"template-fullwidth.php","meta":{"footnotes":""},"class_list":["post-211","page","type-page","status-publish","hentry"],"yoast_head":"<!-- This site is optimized with the Yoast SEO plugin v27.3 - https:\/\/yoast.com\/product\/yoast-seo-wordpress\/ -->\n<title>Dienstleistungen - 123Go<\/title>\n<meta name=\"robots\" content=\"index, follow, max-snippet:-1, max-image-preview:large, max-video-preview:-1\" \/>\n<link rel=\"canonical\" href=\"https:\/\/123go-berlin.de\/en\/dienstleistungen\/\" \/>\n<meta property=\"og:locale\" content=\"en_US\" \/>\n<meta property=\"og:type\" content=\"article\" \/>\n<meta property=\"og:title\" content=\"Dienstleistungen - 123Go\" \/>\n<meta property=\"og:description\" content=\"Patientenbef\u00f6rderung Verl\u00e4ssliche und schonende Patientenbef\u00f6rderung. Taxifahrten Ihr flexibler Begleiter f\u00fcr jede Fahrt, rund um die Uhr f\u00fcr Sie unterwegs. Flughafentransfer Stressfrei zum Abflug \u2013 und entspannt wieder heim. St\u00e4dtetransfer Fernfahrten \u2013 Ihr zuverl\u00e4ssiger Transfer von Stadt zu Stadt.\" \/>\n<meta property=\"og:url\" content=\"https:\/\/123go-berlin.de\/en\/dienstleistungen\/\" \/>\n<meta property=\"og:site_name\" content=\"123Go\" \/>\n<meta property=\"article:modified_time\" content=\"2025-05-13T14:08:24+00:00\" \/>\n<meta property=\"og:image\" content=\"https:\/\/123go-berlin.de\/wp-content\/uploads\/2024\/04\/ChatGPT-Image-13.-Mai-2025-15_22_50-768x768.png\" \/>\n<meta name=\"twitter:card\" content=\"summary_large_image\" \/>\n<script type=\"application\/ld+json\" class=\"yoast-schema-graph\">{\"@context\":\"https:\\\/\\\/schema.org\",\"@graph\":[{\"@type\":\"WebPage\",\"@id\":\"https:\\\/\\\/123go-berlin.de\\\/dienstleistungen\\\/\",\"url\":\"https:\\\/\\\/123go-berlin.de\\\/dienstleistungen\\\/\",\"name\":\"Dienstleistungen - 123Go\",\"isPartOf\":{\"@id\":\"https:\\\/\\\/123go-berlin.de\\\/#website\"},\"primaryImageOfPage\":{\"@id\":\"https:\\\/\\\/123go-berlin.de\\\/dienstleistungen\\\/#primaryimage\"},\"image\":{\"@id\":\"https:\\\/\\\/123go-berlin.de\\\/dienstleistungen\\\/#primaryimage\"},\"thumbnailUrl\":\"https:\\\/\\\/123go-berlin.de\\\/wp-content\\\/uploads\\\/2024\\\/04\\\/ChatGPT-Image-13.-Mai-2025-15_22_50-768x768.png\",\"datePublished\":\"2024-04-19T07:04:56+00:00\",\"dateModified\":\"2025-05-13T14:08:24+00:00\",\"breadcrumb\":{\"@id\":\"https:\\\/\\\/123go-berlin.de\\\/dienstleistungen\\\/#breadcrumb\"},\"inLanguage\":\"en-US\",\"potentialAction\":[{\"@type\":\"ReadAction\",\"target\":[\"https:\\\/\\\/123go-berlin.de\\\/dienstleistungen\\\/\"]}]},{\"@type\":\"ImageObject\",\"inLanguage\":\"en-US\",\"@id\":\"https:\\\/\\\/123go-berlin.de\\\/dienstleistungen\\\/#primaryimage\",\"url\":\"https:\\\/\\\/123go-berlin.de\\\/wp-content\\\/uploads\\\/2024\\\/04\\\/ChatGPT-Image-13.-Mai-2025-15_22_50-768x768.png\",\"contentUrl\":\"https:\\\/\\\/123go-berlin.de\\\/wp-content\\\/uploads\\\/2024\\\/04\\\/ChatGPT-Image-13.-Mai-2025-15_22_50-768x768.png\"},{\"@type\":\"BreadcrumbList\",\"@id\":\"https:\\\/\\\/123go-berlin.de\\\/dienstleistungen\\\/#breadcrumb\",\"itemListElement\":[{\"@type\":\"ListItem\",\"position\":1,\"name\":\"Start\",\"item\":\"https:\\\/\\\/123go-berlin.de\\\/\"},{\"@type\":\"ListItem\",\"position\":2,\"name\":\"Dienstleistungen\"}]},{\"@type\":\"WebSite\",\"@id\":\"https:\\\/\\\/123go-berlin.de\\\/#website\",\"url\":\"https:\\\/\\\/123go-berlin.de\\\/\",\"name\":\"123Go\",\"description\":\"Ihr zuverl\u00e4ssiger Taxiservice in Berlin\",\"publisher\":{\"@id\":\"https:\\\/\\\/123go-berlin.de\\\/#organization\"},\"potentialAction\":[{\"@type\":\"SearchAction\",\"target\":{\"@type\":\"EntryPoint\",\"urlTemplate\":\"https:\\\/\\\/123go-berlin.de\\\/?s={search_term_string}\"},\"query-input\":{\"@type\":\"PropertyValueSpecification\",\"valueRequired\":true,\"valueName\":\"search_term_string\"}}],\"inLanguage\":\"en-US\"},{\"@type\":\"Organization\",\"@id\":\"https:\\\/\\\/123go-berlin.de\\\/#organization\",\"name\":\"123Go\",\"url\":\"https:\\\/\\\/123go-berlin.de\\\/\",\"logo\":{\"@type\":\"ImageObject\",\"inLanguage\":\"en-US\",\"@id\":\"https:\\\/\\\/123go-berlin.de\\\/#\\\/schema\\\/logo\\\/image\\\/\",\"url\":\"https:\\\/\\\/123go-berlin.de\\\/wp-content\\\/uploads\\\/2025\\\/04\\\/cropped-logo1_fit512_centered.webp\",\"contentUrl\":\"https:\\\/\\\/123go-berlin.de\\\/wp-content\\\/uploads\\\/2025\\\/04\\\/cropped-logo1_fit512_centered.webp\",\"width\":512,\"height\":512,\"caption\":\"123Go\"},\"image\":{\"@id\":\"https:\\\/\\\/123go-berlin.de\\\/#\\\/schema\\\/logo\\\/image\\\/\"}}]}<\/script>\n<!-- \/ Yoast SEO plugin. -->","yoast_head_json":{"title":"Dienstleistungen - 123Go","robots":{"index":"index","follow":"follow","max-snippet":"max-snippet:-1","max-image-preview":"max-image-preview:large","max-video-preview":"max-video-preview:-1"},"canonical":"https:\/\/123go-berlin.de\/en\/dienstleistungen\/","og_locale":"en_US","og_type":"article","og_title":"Dienstleistungen - 123Go","og_description":"Patientenbef\u00f6rderung Verl\u00e4ssliche und schonende Patientenbef\u00f6rderung. Taxifahrten Ihr flexibler Begleiter f\u00fcr jede Fahrt, rund um die Uhr f\u00fcr Sie unterwegs. Flughafentransfer Stressfrei zum Abflug \u2013 und entspannt wieder heim. St\u00e4dtetransfer Fernfahrten \u2013 Ihr zuverl\u00e4ssiger Transfer von Stadt zu Stadt.","og_url":"https:\/\/123go-berlin.de\/en\/dienstleistungen\/","og_site_name":"123Go","article_modified_time":"2025-05-13T14:08:24+00:00","og_image":[{"url":"https:\/\/123go-berlin.de\/wp-content\/uploads\/2024\/04\/ChatGPT-Image-13.-Mai-2025-15_22_50-768x768.png","type":"","width":"","height":""}],"twitter_card":"summary_large_image","schema":{"@context":"https:\/\/schema.org","@graph":[{"@type":"WebPage","@id":"https:\/\/123go-berlin.de\/dienstleistungen\/","url":"https:\/\/123go-berlin.de\/dienstleistungen\/","name":"Dienstleistungen - 123Go","isPartOf":{"@id":"https:\/\/123go-berlin.de\/#website"},"primaryImageOfPage":{"@id":"https:\/\/123go-berlin.de\/dienstleistungen\/#primaryimage"},"image":{"@id":"https:\/\/123go-berlin.de\/dienstleistungen\/#primaryimage"},"thumbnailUrl":"https:\/\/123go-berlin.de\/wp-content\/uploads\/2024\/04\/ChatGPT-Image-13.-Mai-2025-15_22_50-768x768.png","datePublished":"2024-04-19T07:04:56+00:00","dateModified":"2025-05-13T14:08:24+00:00","breadcrumb":{"@id":"https:\/\/123go-berlin.de\/dienstleistungen\/#breadcrumb"},"inLanguage":"en-US","potentialAction":[{"@type":"ReadAction","target":["https:\/\/123go-berlin.de\/dienstleistungen\/"]}]},{"@type":"ImageObject","inLanguage":"en-US","@id":"https:\/\/123go-berlin.de\/dienstleistungen\/#primaryimage","url":"https:\/\/123go-berlin.de\/wp-content\/uploads\/2024\/04\/ChatGPT-Image-13.-Mai-2025-15_22_50-768x768.png","contentUrl":"https:\/\/123go-berlin.de\/wp-content\/uploads\/2024\/04\/ChatGPT-Image-13.-Mai-2025-15_22_50-768x768.png"},{"@type":"BreadcrumbList","@id":"https:\/\/123go-berlin.de\/dienstleistungen\/#breadcrumb","itemListElement":[{"@type":"ListItem","position":1,"name":"Start","item":"https:\/\/123go-berlin.de\/"},{"@type":"ListItem","position":2,"name":"Dienstleistungen"}]},{"@type":"WebSite","@id":"https:\/\/123go-berlin.de\/#website","url":"https:\/\/123go-berlin.de\/","name":"123Go","description":"Ihr zuverl\u00e4ssiger Taxiservice in Berlin","publisher":{"@id":"https:\/\/123go-berlin.de\/#organization"},"potentialAction":[{"@type":"SearchAction","target":{"@type":"EntryPoint","urlTemplate":"https:\/\/123go-berlin.de\/?s={search_term_string}"},"query-input":{"@type":"PropertyValueSpecification","valueRequired":true,"valueName":"search_term_string"}}],"inLanguage":"en-US"},{"@type":"Organization","@id":"https:\/\/123go-berlin.de\/#organization","name":"123Go","url":"https:\/\/123go-berlin.de\/","logo":{"@type":"ImageObject","inLanguage":"en-US","@id":"https:\/\/123go-berlin.de\/#\/schema\/logo\/image\/","url":"https:\/\/123go-berlin.de\/wp-content\/uploads\/2025\/04\/cropped-logo1_fit512_centered.webp","contentUrl":"https:\/\/123go-berlin.de\/wp-content\/uploads\/2025\/04\/cropped-logo1_fit512_centered.webp","width":512,"height":512,"caption":"123Go"},"image":{"@id":"https:\/\/123go-berlin.de\/#\/schema\/logo\/image\/"}}]}},"_links":{"self":[{"href":"https:\/\/123go-berlin.de\/en\/wp-json\/wp\/v2\/pages\/211","targetHints":{"allow":["GET"]}}],"collection":[{"href":"https:\/\/123go-berlin.de\/en\/wp-json\/wp\/v2\/pages"}],"about":[{"href":"https:\/\/123go-berlin.de\/en\/wp-json\/wp\/v2\/types\/page"}],"author":[{"embeddable":true,"href":"https:\/\/123go-berlin.de\/en\/wp-json\/wp\/v2\/users\/1"}],"replies":[{"embeddable":true,"href":"https:\/\/123go-berlin.de\/en\/wp-json\/wp\/v2\/comments?post=211"}],"version-history":[{"count":0,"href":"https:\/\/123go-berlin.de\/en\/wp-json\/wp\/v2\/pages\/211\/revisions"}],"wp:attachment":[{"href":"https:\/\/123go-berlin.de\/en\/wp-json\/wp\/v2\/media?parent=211"}],"curies":[{"name":"wp","href":"https:\/\/api.w.org\/{rel}","templated":true}]}}