{"id":7809,"date":"2025-04-30T15:41:10","date_gmt":"2025-04-30T15:41:10","guid":{"rendered":"https:\/\/123go-berlin.de\/?page_id=7809"},"modified":"2025-07-21T11:13:48","modified_gmt":"2025-07-21T11:13:48","slug":"kooperation","status":"publish","type":"page","link":"https:\/\/123go-berlin.de\/en\/kooperation\/","title":{"rendered":"Cooperation"},"content":{"rendered":"<div data-elementor-type=\"wp-page\" data-elementor-id=\"7809\" class=\"elementor elementor-7809\">\n\t\t\t\t<div class=\"elementor-element elementor-element-0a35114 e-flex e-con-boxed e-con e-parent\" data-id=\"0a35114\" data-element_type=\"container\" data-e-type=\"container\">\n\t\t\t\t\t<div class=\"e-con-inner\">\n\t\t\t\t<div class=\"elementor-element elementor-element-fdca7ba elementor-widget elementor-widget-spacer\" data-id=\"fdca7ba\" data-element_type=\"widget\" data-e-type=\"widget\" data-widget_type=\"spacer.default\">\n\t\t\t\t<div class=\"elementor-widget-container\">\n\t\t\t\t\t\t\t<div class=\"elementor-spacer\">\n\t\t\t<div class=\"elementor-spacer-inner\"><\/div>\n\t\t<\/div>\n\t\t\t\t\t\t<\/div>\n\t\t\t\t<\/div>\n\t\t\t\t<div class=\"elementor-element elementor-element-80ff4e3 elementor-widget elementor-widget-luxride-text-editor-v1\" data-id=\"80ff4e3\" data-element_type=\"widget\" data-e-type=\"widget\" data-widget_type=\"luxride-text-editor-v1.default\">\n\t\t\t\t<div class=\"elementor-widget-container\">\n\t\t\t\t\t        <div class=\"position-relative position_p_relative\">\r\n                <p class=\"\" data-start=\"547\" data-end=\"579\">Dear Sir or Madam,<\/p><p class=\"\" data-start=\"586\" data-end=\"790\">thank you for your interest in our services. Upon request, we would be happy to provide you with our complete price list and provide you with personalized advice to create the best offer for you.<\/p><p class=\"\" data-start=\"797\" data-end=\"974\">You can reach us by phone at +49 30 585827280 or by email at <a class=\"cursor-pointer\" rel=\"noopener\" data-start=\"869\" data-end=\"886\">kooperation@123go-berlin.de<\/a>.<\/p><p class=\"\" data-start=\"1020\" data-end=\"1106\">We look forward to your inquiry and are happy to answer any questions you may have.<\/p><p class=\"\" data-start=\"1113\" data-end=\"1168\">Best regards<br data-start=\"1136\" data-end=\"1139\" \/>Your 123Go Team<\/p>            <\/div>\r\n        \t\t\t\t<\/div>\n\t\t\t\t<\/div>\n\t\t\t\t<div class=\"elementor-element elementor-element-dc966a1 elementor-widget elementor-widget-luxride-text-editor-v1\" data-id=\"dc966a1\" data-element_type=\"widget\" data-e-type=\"widget\" data-widget_type=\"luxride-text-editor-v1.default\">\n\t\t\t\t<div class=\"elementor-widget-container\">\n\t\t\t\t\t        <div class=\"position-relative position_p_relative\">\r\n                <p><strong>Cooperation with 123Go\u00a0<\/strong><\/p><p><strong>1. Welcome<\/strong><br \/>We appreciate your interest in partnering with 123Go. As an experienced mobility service provider, we offer customized solutions for hospitals, travel agencies, hotels, and many other industries. Together, we create added value for your customers \u2013 around the clock, securely, and conveniently.<\/p><hr \/><p><strong>Your benefits at a glance<\/strong><\/p><ul><li><p><strong>Reliability &amp; security<\/strong><br \/>Our certified drivers and modern vehicles always guarantee punctual and safe transport.<\/p><\/li><li><p><strong>24-hour service<\/strong><br \/>24\/7 availability for emergencies, pickups at unusual times or spontaneous requests.<\/p><\/li><li><p><strong>Tailor-made conditions<\/strong><br \/>Flexible billing models: individual billing, flat rates or fixed quotas.<\/p><\/li><\/ul><hr \/><p><strong>3. Partnership models<\/strong><\/p><ul><li><p><strong>Framework agreement<\/strong><br \/>For hospitals and clinics: Fixed prices for planned patient journeys or transport services.<\/p><\/li><li><p><strong>Quota booking<\/strong><br \/>For travel agencies and hotels: Attractive package prices for regular transfers for your guests.<\/p><\/li><\/ul><hr \/><p><strong>4. How it works<\/strong><\/p><ol><li><p><strong>Inquiry &amp; initial consultation<\/strong><br \/>Please contact us by phone at +49 30 585827280 or by email at kooperation@123go-berlin.de.<\/p><\/li><li><p><strong>Needs analysis<\/strong><br \/>Together we will determine your individual needs \u2013 e.g., expected journeys, time windows, special requirements.<\/p><\/li><li><p><strong>Offer &amp; conclusion of contract<\/strong><br \/>You will receive a transparent, non-binding offer. After your approval, we will draw up the cooperation agreement.<\/p><\/li><li><p><strong>Start together<\/strong><br \/>You book directly or we coordinate the journey, and your patients, guests or clients will be transported reliably.<\/p><\/li><\/ol><hr \/><p><strong>5. Contact &amp; next steps<\/strong><br \/>Interested? We look forward to hearing from you:<\/p><ul><li><p><strong>Phone:<\/strong> +49 30 585827280<\/p><\/li><li><p><strong>E-Mail:<\/strong> kooperation@123go-berlin.de<\/p><\/li><li><p><strong>Address:<\/strong> An der Kolonnade 11, 10117 Berlin<\/p><\/li><\/ul><p>Or use our short <strong>Contact form <\/strong>at <a href=\"https:\/\/123go-berlin.de\/en\/kontakt\/\">www.123go-berlin.de\/kontakt<\/a><\/p><p>Let's rethink mobility together and offer your customers the service they deserve!<\/p>            <\/div>\r\n        \t\t\t\t<\/div>\n\t\t\t\t<\/div>\n\t\t\t\t\t<\/div>\n\t\t\t\t<\/div>\n\t\t\t\t<\/div>","protected":false},"excerpt":{"rendered":"<p>Sehr geehrte Damen und Herren, wir danken Ihnen f\u00fcr Ihr Interesse an unseren Leistungen. Gerne \u00fcbermitteln wir Ihnen auf Wunsch unsere vollst\u00e4ndige Preisliste und beraten Sie individuell, um das f\u00fcr Sie optimale Angebot zu erstellen. Sie erreichen uns telefonisch unter +49 30 585827280 oder per E-Mail an kooperation@123go-berlin.de. Wir freuen uns auf Ihre Anfrage und [&hellip;]<\/p>\n","protected":false},"author":1,"featured_media":0,"parent":0,"menu_order":0,"comment_status":"closed","ping_status":"closed","template":"template-fullwidth.php","meta":{"footnotes":""},"class_list":["post-7809","page","type-page","status-publish","hentry"],"yoast_head":"<!-- This site is optimized with the Yoast SEO plugin v27.3 - https:\/\/yoast.com\/product\/yoast-seo-wordpress\/ -->\n<title>Kooperation - 123Go<\/title>\n<meta name=\"robots\" content=\"index, follow, max-snippet:-1, max-image-preview:large, max-video-preview:-1\" \/>\n<link rel=\"canonical\" href=\"https:\/\/123go-berlin.de\/en\/kooperation\/\" \/>\n<meta property=\"og:locale\" content=\"en_US\" \/>\n<meta property=\"og:type\" content=\"article\" \/>\n<meta property=\"og:title\" content=\"Kooperation - 123Go\" \/>\n<meta property=\"og:description\" content=\"Sehr geehrte Damen und Herren, wir danken Ihnen f\u00fcr Ihr Interesse an unseren Leistungen. Gerne \u00fcbermitteln wir Ihnen auf Wunsch unsere vollst\u00e4ndige Preisliste und beraten Sie individuell, um das f\u00fcr Sie optimale Angebot zu erstellen. Sie erreichen uns telefonisch unter +49 30 585827280 oder per E-Mail an kooperation@123go-berlin.de. Wir freuen uns auf Ihre Anfrage und [&hellip;]\" \/>\n<meta property=\"og:url\" content=\"https:\/\/123go-berlin.de\/en\/kooperation\/\" \/>\n<meta property=\"og:site_name\" content=\"123Go\" \/>\n<meta property=\"article:modified_time\" content=\"2025-07-21T11:13:48+00:00\" \/>\n<meta name=\"twitter:card\" content=\"summary_large_image\" \/>\n<meta name=\"twitter:label1\" content=\"Est. reading time\" \/>\n\t<meta name=\"twitter:data1\" content=\"2 minutes\" \/>\n<script type=\"application\/ld+json\" class=\"yoast-schema-graph\">{\"@context\":\"https:\\\/\\\/schema.org\",\"@graph\":[{\"@type\":\"WebPage\",\"@id\":\"https:\\\/\\\/123go-berlin.de\\\/kooperation\\\/\",\"url\":\"https:\\\/\\\/123go-berlin.de\\\/kooperation\\\/\",\"name\":\"Kooperation - 123Go\",\"isPartOf\":{\"@id\":\"https:\\\/\\\/123go-berlin.de\\\/#website\"},\"datePublished\":\"2025-04-30T15:41:10+00:00\",\"dateModified\":\"2025-07-21T11:13:48+00:00\",\"breadcrumb\":{\"@id\":\"https:\\\/\\\/123go-berlin.de\\\/kooperation\\\/#breadcrumb\"},\"inLanguage\":\"en-US\",\"potentialAction\":[{\"@type\":\"ReadAction\",\"target\":[\"https:\\\/\\\/123go-berlin.de\\\/kooperation\\\/\"]}]},{\"@type\":\"BreadcrumbList\",\"@id\":\"https:\\\/\\\/123go-berlin.de\\\/kooperation\\\/#breadcrumb\",\"itemListElement\":[{\"@type\":\"ListItem\",\"position\":1,\"name\":\"Start\",\"item\":\"https:\\\/\\\/123go-berlin.de\\\/\"},{\"@type\":\"ListItem\",\"position\":2,\"name\":\"Kooperation\"}]},{\"@type\":\"WebSite\",\"@id\":\"https:\\\/\\\/123go-berlin.de\\\/#website\",\"url\":\"https:\\\/\\\/123go-berlin.de\\\/\",\"name\":\"123Go\",\"description\":\"Ihr zuverl\u00e4ssiger Taxiservice in Berlin\",\"publisher\":{\"@id\":\"https:\\\/\\\/123go-berlin.de\\\/#organization\"},\"potentialAction\":[{\"@type\":\"SearchAction\",\"target\":{\"@type\":\"EntryPoint\",\"urlTemplate\":\"https:\\\/\\\/123go-berlin.de\\\/?s={search_term_string}\"},\"query-input\":{\"@type\":\"PropertyValueSpecification\",\"valueRequired\":true,\"valueName\":\"search_term_string\"}}],\"inLanguage\":\"en-US\"},{\"@type\":\"Organization\",\"@id\":\"https:\\\/\\\/123go-berlin.de\\\/#organization\",\"name\":\"123Go\",\"url\":\"https:\\\/\\\/123go-berlin.de\\\/\",\"logo\":{\"@type\":\"ImageObject\",\"inLanguage\":\"en-US\",\"@id\":\"https:\\\/\\\/123go-berlin.de\\\/#\\\/schema\\\/logo\\\/image\\\/\",\"url\":\"https:\\\/\\\/123go-berlin.de\\\/wp-content\\\/uploads\\\/2025\\\/04\\\/cropped-logo1_fit512_centered.webp\",\"contentUrl\":\"https:\\\/\\\/123go-berlin.de\\\/wp-content\\\/uploads\\\/2025\\\/04\\\/cropped-logo1_fit512_centered.webp\",\"width\":512,\"height\":512,\"caption\":\"123Go\"},\"image\":{\"@id\":\"https:\\\/\\\/123go-berlin.de\\\/#\\\/schema\\\/logo\\\/image\\\/\"}}]}<\/script>\n<!-- \/ Yoast SEO plugin. -->","yoast_head_json":{"title":"Kooperation - 123Go","robots":{"index":"index","follow":"follow","max-snippet":"max-snippet:-1","max-image-preview":"max-image-preview:large","max-video-preview":"max-video-preview:-1"},"canonical":"https:\/\/123go-berlin.de\/en\/kooperation\/","og_locale":"en_US","og_type":"article","og_title":"Kooperation - 123Go","og_description":"Sehr geehrte Damen und Herren, wir danken Ihnen f\u00fcr Ihr Interesse an unseren Leistungen. Gerne \u00fcbermitteln wir Ihnen auf Wunsch unsere vollst\u00e4ndige Preisliste und beraten Sie individuell, um das f\u00fcr Sie optimale Angebot zu erstellen. Sie erreichen uns telefonisch unter +49 30 585827280 oder per E-Mail an kooperation@123go-berlin.de. Wir freuen uns auf Ihre Anfrage und [&hellip;]","og_url":"https:\/\/123go-berlin.de\/en\/kooperation\/","og_site_name":"123Go","article_modified_time":"2025-07-21T11:13:48+00:00","twitter_card":"summary_large_image","twitter_misc":{"Est. reading time":"2 minutes"},"schema":{"@context":"https:\/\/schema.org","@graph":[{"@type":"WebPage","@id":"https:\/\/123go-berlin.de\/kooperation\/","url":"https:\/\/123go-berlin.de\/kooperation\/","name":"Kooperation - 123Go","isPartOf":{"@id":"https:\/\/123go-berlin.de\/#website"},"datePublished":"2025-04-30T15:41:10+00:00","dateModified":"2025-07-21T11:13:48+00:00","breadcrumb":{"@id":"https:\/\/123go-berlin.de\/kooperation\/#breadcrumb"},"inLanguage":"en-US","potentialAction":[{"@type":"ReadAction","target":["https:\/\/123go-berlin.de\/kooperation\/"]}]},{"@type":"BreadcrumbList","@id":"https:\/\/123go-berlin.de\/kooperation\/#breadcrumb","itemListElement":[{"@type":"ListItem","position":1,"name":"Start","item":"https:\/\/123go-berlin.de\/"},{"@type":"ListItem","position":2,"name":"Kooperation"}]},{"@type":"WebSite","@id":"https:\/\/123go-berlin.de\/#website","url":"https:\/\/123go-berlin.de\/","name":"123Go","description":"Ihr zuverl\u00e4ssiger Taxiservice in Berlin","publisher":{"@id":"https:\/\/123go-berlin.de\/#organization"},"potentialAction":[{"@type":"SearchAction","target":{"@type":"EntryPoint","urlTemplate":"https:\/\/123go-berlin.de\/?s={search_term_string}"},"query-input":{"@type":"PropertyValueSpecification","valueRequired":true,"valueName":"search_term_string"}}],"inLanguage":"en-US"},{"@type":"Organization","@id":"https:\/\/123go-berlin.de\/#organization","name":"123Go","url":"https:\/\/123go-berlin.de\/","logo":{"@type":"ImageObject","inLanguage":"en-US","@id":"https:\/\/123go-berlin.de\/#\/schema\/logo\/image\/","url":"https:\/\/123go-berlin.de\/wp-content\/uploads\/2025\/04\/cropped-logo1_fit512_centered.webp","contentUrl":"https:\/\/123go-berlin.de\/wp-content\/uploads\/2025\/04\/cropped-logo1_fit512_centered.webp","width":512,"height":512,"caption":"123Go"},"image":{"@id":"https:\/\/123go-berlin.de\/#\/schema\/logo\/image\/"}}]}},"_links":{"self":[{"href":"https:\/\/123go-berlin.de\/en\/wp-json\/wp\/v2\/pages\/7809","targetHints":{"allow":["GET"]}}],"collection":[{"href":"https:\/\/123go-berlin.de\/en\/wp-json\/wp\/v2\/pages"}],"about":[{"href":"https:\/\/123go-berlin.de\/en\/wp-json\/wp\/v2\/types\/page"}],"author":[{"embeddable":true,"href":"https:\/\/123go-berlin.de\/en\/wp-json\/wp\/v2\/users\/1"}],"replies":[{"embeddable":true,"href":"https:\/\/123go-berlin.de\/en\/wp-json\/wp\/v2\/comments?post=7809"}],"version-history":[{"count":0,"href":"https:\/\/123go-berlin.de\/en\/wp-json\/wp\/v2\/pages\/7809\/revisions"}],"wp:attachment":[{"href":"https:\/\/123go-berlin.de\/en\/wp-json\/wp\/v2\/media?parent=7809"}],"curies":[{"name":"wp","href":"https:\/\/api.w.org\/{rel}","templated":true}]}}